{"id":4620,"date":"2025-06-16T00:59:45","date_gmt":"2025-06-15T23:59:45","guid":{"rendered":"https:\/\/sinaptiko.com\/?page_id=4620"},"modified":"2025-06-16T01:13:09","modified_gmt":"2025-06-16T00:13:09","slug":"garantia-de-satisfaccion-limitada","status":"publish","type":"page","link":"https:\/\/sinaptiko.com\/en\/garantia-de-satisfaccion-limitada\/","title":{"rendered":"Garant\u00eda de Satisfacci\u00f3n Limitada"},"content":{"rendered":"<div data-elementor-type=\"wp-page\" data-elementor-id=\"4620\" class=\"elementor elementor-4620\" data-elementor-post-type=\"page\">\n\t\t\t\t<div class=\"elementor-element elementor-element-636f88e e-flex e-con-boxed e-con e-parent\" data-id=\"636f88e\" data-element_type=\"container\" data-e-type=\"container\">\n\t\t\t\t\t<div class=\"e-con-inner\">\n\t\t<div class=\"elementor-element elementor-element-82047f2 e-con-full e-flex e-con e-child\" data-id=\"82047f2\" data-element_type=\"container\" data-e-type=\"container\">\n\t\t\t\t<div class=\"elementor-element elementor-element-1c37932 elementor-widget elementor-widget-heading\" data-id=\"1c37932\" data-element_type=\"widget\" data-e-type=\"widget\" data-widget_type=\"heading.default\">\n\t\t\t\t<div class=\"elementor-widget-container\">\n\t\t\t\t\t<h2 class=\"elementor-heading-title elementor-size-default\">Garant\u00eda de satisfacci\u00f3n<\/h2>\t\t\t\t<\/div>\n\t\t\t\t<\/div>\n\t\t\t\t<\/div>\n\t\t<div class=\"elementor-element elementor-element-f6ca502 e-con-full e-flex e-con e-child\" data-id=\"f6ca502\" data-element_type=\"container\" data-e-type=\"container\">\n\t\t\t\t<div class=\"elementor-element elementor-element-754cb7f elementor-widget elementor-widget-text-editor\" data-id=\"754cb7f\" data-element_type=\"widget\" data-e-type=\"widget\" data-widget_type=\"text-editor.default\">\n\t\t\t\t<div class=\"elementor-widget-container\">\n\t\t\t\t\t\t\t\t\t<p>En Sin\u00e1ptiko, adem\u00e1s de nuestra pol\u00edtica de reembolsos, ofrecemos una <strong data-start=\"255\" data-end=\"292\">garant\u00eda limitada de satisfacci\u00f3n<\/strong> para proyectos personalizados.<\/p>\t\t\t\t\t\t\t\t<\/div>\n\t\t\t\t<\/div>\n\t\t\t\t<\/div>\n\t\t\t\t\t<\/div>\n\t\t\t\t<\/div>\n\t\t<div class=\"elementor-element elementor-element-cd16300 e-flex e-con-boxed e-con e-parent\" data-id=\"cd16300\" data-element_type=\"container\" data-e-type=\"container\" data-settings=\"{&quot;background_background&quot;:&quot;classic&quot;}\">\n\t\t\t\t\t<div class=\"e-con-inner\">\n\t\t\t\t<div class=\"elementor-element elementor-element-14bd3d5 elementor-widget elementor-widget-text-editor\" data-id=\"14bd3d5\" data-element_type=\"widget\" data-e-type=\"widget\" data-widget_type=\"text-editor.default\">\n\t\t\t\t<div class=\"elementor-widget-container\">\n\t\t\t\t\t\t\t\t\t<p data-start=\"574\" data-end=\"595\">Durante este periodo:<\/p><ul data-start=\"597\" data-end=\"1065\"><li data-start=\"597\" data-end=\"790\"><p data-start=\"599\" data-end=\"790\">El cliente podr\u00e1 <strong data-start=\"616\" data-end=\"671\">solicitar correcciones menores o ajustes razonables<\/strong>, siempre que se mantengan dentro del alcance del servicio contratado y no impliquen un redise\u00f1o o funcionalidad nueva.<\/p><\/li><li data-start=\"791\" data-end=\"907\"><p data-start=\"793\" data-end=\"907\">No se incluyen nuevas funcionalidades no contempladas en el acuerdo inicial ni cambios estructurales sustanciales.<\/p><\/li><li data-start=\"908\" data-end=\"1065\"><p data-start=\"910\" data-end=\"1065\">Esta garant\u00eda <strong data-start=\"924\" data-end=\"972\">no implica un derecho autom\u00e1tico a reembolso<\/strong>, salvo en situaciones excepcionales debidamente justificadas y valoradas por nuestro equipo.<\/p><\/li><\/ul><p>\u00a0<\/p><p data-start=\"1067\" data-end=\"1462\">Dicha garant\u00eda est\u00e1 respaldada por el cumplimiento de lo establecido en la <strong data-start=\"1142\" data-end=\"1258\">Ley General para la Defensa de los Consumidores y Usuarios (Real Decreto Legislativo 1\/2007, de 16 de noviembre)<\/strong>, en la medida en que sea aplicable a servicios personalizados, los cuales, por su naturaleza, <strong data-start=\"1353\" data-end=\"1406\">pueden estar exentos del derecho de desistimiento<\/strong> conforme al art\u00edculo 103, letra c), de dicha normativa.<\/p><p data-start=\"1464\" data-end=\"1703\">Para acceder a esta garant\u00eda o resolver cualquier incidencia, puedes escribirnos directamente a <a class=\"cursor-pointer\" rel=\"noopener\" data-start=\"1560\" data-end=\"1611\">studio@sinaptiko.com<\/a>. Nuestro compromiso es que el proyecto final refleje el est\u00e1ndar de calidad que prometemos.<\/p><p>\u00a0<\/p><p>\u00a0<\/p>\t\t\t\t\t\t\t\t<\/div>\n\t\t\t\t<\/div>\n\t\t\t\t\t<\/div>\n\t\t\t\t<\/div>\n\t\t\t\t<\/div>","protected":false},"excerpt":{"rendered":"<p>Garant\u00eda de satisfacci\u00f3n En Sin\u00e1ptiko, adem\u00e1s de nuestra pol\u00edtica de reembolsos, ofrecemos una garant\u00eda limitada de satisfacci\u00f3n para proyectos personalizados. Durante este periodo: El cliente podr\u00e1 solicitar correcciones menores o ajustes razonables, siempre que se mantengan dentro del alcance del servicio contratado y no impliquen un redise\u00f1o o funcionalidad nueva. No se incluyen nuevas funcionalidades [&hellip;]<\/p>","protected":false},"author":1,"featured_media":0,"parent":0,"menu_order":0,"comment_status":"closed","ping_status":"closed","template":"","meta":{"inline_featured_image":false,"footnotes":""},"class_list":["post-4620","page","type-page","status-publish","hentry"],"yoast_head":"<!-- This site is optimized with the Yoast SEO plugin v27.3 - https:\/\/yoast.com\/product\/yoast-seo-wordpress\/ -->\n<title>Garant\u00eda de Satisfacci\u00f3n Limitada - SINAPTIKO<\/title>\n<meta name=\"robots\" content=\"index, follow, max-snippet:-1, max-image-preview:large, max-video-preview:-1\" \/>\n<link rel=\"canonical\" href=\"https:\/\/sinaptiko.com\/en\/garantia-de-satisfaccion-limitada\/\" \/>\n<meta property=\"og:locale\" content=\"en_GB\" \/>\n<meta property=\"og:type\" content=\"article\" \/>\n<meta property=\"og:title\" content=\"Garant\u00eda de Satisfacci\u00f3n Limitada - SINAPTIKO\" \/>\n<meta property=\"og:description\" content=\"Garant\u00eda de satisfacci\u00f3n En Sin\u00e1ptiko, adem\u00e1s de nuestra pol\u00edtica de reembolsos, ofrecemos una garant\u00eda limitada de satisfacci\u00f3n para proyectos personalizados. Durante este periodo: El cliente podr\u00e1 solicitar correcciones menores o ajustes razonables, siempre que se mantengan dentro del alcance del servicio contratado y no impliquen un redise\u00f1o o funcionalidad nueva. No se incluyen nuevas funcionalidades [&hellip;]\" \/>\n<meta property=\"og:url\" content=\"https:\/\/sinaptiko.com\/en\/garantia-de-satisfaccion-limitada\/\" \/>\n<meta property=\"og:site_name\" content=\"SINAPTIKO\" \/>\n<meta property=\"article:modified_time\" content=\"2025-06-16T00:13:09+00:00\" \/>\n<meta name=\"twitter:card\" content=\"summary_large_image\" \/>\n<meta name=\"twitter:label1\" content=\"Estimated reading time\" \/>\n\t<meta name=\"twitter:data1\" content=\"1 minute\" \/>\n<script type=\"application\/ld+json\" class=\"yoast-schema-graph\">{\"@context\":\"https:\\\/\\\/schema.org\",\"@graph\":[{\"@type\":\"WebPage\",\"@id\":\"https:\\\/\\\/sinaptiko.com\\\/en\\\/garantia-de-satisfaccion-limitada\\\/\",\"url\":\"https:\\\/\\\/sinaptiko.com\\\/en\\\/garantia-de-satisfaccion-limitada\\\/\",\"name\":\"Garant\u00eda de Satisfacci\u00f3n Limitada - SINAPTIKO\",\"isPartOf\":{\"@id\":\"https:\\\/\\\/darkcyan-mouse-827078.hostingersite.com\\\/#website\"},\"datePublished\":\"2025-06-15T23:59:45+00:00\",\"dateModified\":\"2025-06-16T00:13:09+00:00\",\"breadcrumb\":{\"@id\":\"https:\\\/\\\/sinaptiko.com\\\/en\\\/garantia-de-satisfaccion-limitada\\\/#breadcrumb\"},\"inLanguage\":\"en-GB\",\"potentialAction\":[{\"@type\":\"ReadAction\",\"target\":[\"https:\\\/\\\/sinaptiko.com\\\/en\\\/garantia-de-satisfaccion-limitada\\\/\"]}]},{\"@type\":\"BreadcrumbList\",\"@id\":\"https:\\\/\\\/sinaptiko.com\\\/en\\\/garantia-de-satisfaccion-limitada\\\/#breadcrumb\",\"itemListElement\":[{\"@type\":\"ListItem\",\"position\":1,\"name\":\"Inicio\",\"item\":\"https:\\\/\\\/darkcyan-mouse-827078.hostingersite.com\\\/\"},{\"@type\":\"ListItem\",\"position\":2,\"name\":\"Garant\u00eda de Satisfacci\u00f3n Limitada\"}]},{\"@type\":\"WebSite\",\"@id\":\"https:\\\/\\\/darkcyan-mouse-827078.hostingersite.com\\\/#website\",\"url\":\"https:\\\/\\\/darkcyan-mouse-827078.hostingersite.com\\\/\",\"name\":\"SINAPTIKO\",\"description\":\"Tecnolog\u00eda que impulsa tu \u00e9xito\",\"publisher\":{\"@id\":\"https:\\\/\\\/darkcyan-mouse-827078.hostingersite.com\\\/#organization\"},\"alternateName\":\"Sinaptiko AI\",\"potentialAction\":[{\"@type\":\"SearchAction\",\"target\":{\"@type\":\"EntryPoint\",\"urlTemplate\":\"https:\\\/\\\/darkcyan-mouse-827078.hostingersite.com\\\/?s={search_term_string}\"},\"query-input\":{\"@type\":\"PropertyValueSpecification\",\"valueRequired\":true,\"valueName\":\"search_term_string\"}}],\"inLanguage\":\"en-GB\"},{\"@type\":\"Organization\",\"@id\":\"https:\\\/\\\/darkcyan-mouse-827078.hostingersite.com\\\/#organization\",\"name\":\"SINAPTIKO\",\"alternateName\":\"Sinaptiko IA\",\"url\":\"https:\\\/\\\/darkcyan-mouse-827078.hostingersite.com\\\/\",\"logo\":{\"@type\":\"ImageObject\",\"inLanguage\":\"en-GB\",\"@id\":\"https:\\\/\\\/darkcyan-mouse-827078.hostingersite.com\\\/#\\\/schema\\\/logo\\\/image\\\/\",\"url\":\"https:\\\/\\\/sinaptiko.com\\\/wp-content\\\/uploads\\\/ICONO-COLOR-500PX.svg\",\"contentUrl\":\"https:\\\/\\\/sinaptiko.com\\\/wp-content\\\/uploads\\\/ICONO-COLOR-500PX.svg\",\"width\":426,\"height\":479,\"caption\":\"SINAPTIKO\"},\"image\":{\"@id\":\"https:\\\/\\\/darkcyan-mouse-827078.hostingersite.com\\\/#\\\/schema\\\/logo\\\/image\\\/\"}}]}<\/script>\n<!-- \/ Yoast SEO plugin. -->","yoast_head_json":{"title":"Garant\u00eda de Satisfacci\u00f3n Limitada - SINAPTIKO","robots":{"index":"index","follow":"follow","max-snippet":"max-snippet:-1","max-image-preview":"max-image-preview:large","max-video-preview":"max-video-preview:-1"},"canonical":"https:\/\/sinaptiko.com\/en\/garantia-de-satisfaccion-limitada\/","og_locale":"en_GB","og_type":"article","og_title":"Garant\u00eda de Satisfacci\u00f3n Limitada - SINAPTIKO","og_description":"Garant\u00eda de satisfacci\u00f3n En Sin\u00e1ptiko, adem\u00e1s de nuestra pol\u00edtica de reembolsos, ofrecemos una garant\u00eda limitada de satisfacci\u00f3n para proyectos personalizados. Durante este periodo: El cliente podr\u00e1 solicitar correcciones menores o ajustes razonables, siempre que se mantengan dentro del alcance del servicio contratado y no impliquen un redise\u00f1o o funcionalidad nueva. No se incluyen nuevas funcionalidades [&hellip;]","og_url":"https:\/\/sinaptiko.com\/en\/garantia-de-satisfaccion-limitada\/","og_site_name":"SINAPTIKO","article_modified_time":"2025-06-16T00:13:09+00:00","twitter_card":"summary_large_image","twitter_misc":{"Estimated reading time":"1 minute"},"schema":{"@context":"https:\/\/schema.org","@graph":[{"@type":"WebPage","@id":"https:\/\/sinaptiko.com\/en\/garantia-de-satisfaccion-limitada\/","url":"https:\/\/sinaptiko.com\/en\/garantia-de-satisfaccion-limitada\/","name":"Garant\u00eda de Satisfacci\u00f3n Limitada - SINAPTIKO","isPartOf":{"@id":"https:\/\/darkcyan-mouse-827078.hostingersite.com\/#website"},"datePublished":"2025-06-15T23:59:45+00:00","dateModified":"2025-06-16T00:13:09+00:00","breadcrumb":{"@id":"https:\/\/sinaptiko.com\/en\/garantia-de-satisfaccion-limitada\/#breadcrumb"},"inLanguage":"en-GB","potentialAction":[{"@type":"ReadAction","target":["https:\/\/sinaptiko.com\/en\/garantia-de-satisfaccion-limitada\/"]}]},{"@type":"BreadcrumbList","@id":"https:\/\/sinaptiko.com\/en\/garantia-de-satisfaccion-limitada\/#breadcrumb","itemListElement":[{"@type":"ListItem","position":1,"name":"Inicio","item":"https:\/\/darkcyan-mouse-827078.hostingersite.com\/"},{"@type":"ListItem","position":2,"name":"Garant\u00eda de Satisfacci\u00f3n Limitada"}]},{"@type":"WebSite","@id":"https:\/\/darkcyan-mouse-827078.hostingersite.com\/#website","url":"https:\/\/darkcyan-mouse-827078.hostingersite.com\/","name":"SINAPTIKO","description":"Tecnolog\u00eda que impulsa tu \u00e9xito","publisher":{"@id":"https:\/\/darkcyan-mouse-827078.hostingersite.com\/#organization"},"alternateName":"Sinaptiko AI","potentialAction":[{"@type":"SearchAction","target":{"@type":"EntryPoint","urlTemplate":"https:\/\/darkcyan-mouse-827078.hostingersite.com\/?s={search_term_string}"},"query-input":{"@type":"PropertyValueSpecification","valueRequired":true,"valueName":"search_term_string"}}],"inLanguage":"en-GB"},{"@type":"Organization","@id":"https:\/\/darkcyan-mouse-827078.hostingersite.com\/#organization","name":"SINAPTIKO","alternateName":"Sinaptiko IA","url":"https:\/\/darkcyan-mouse-827078.hostingersite.com\/","logo":{"@type":"ImageObject","inLanguage":"en-GB","@id":"https:\/\/darkcyan-mouse-827078.hostingersite.com\/#\/schema\/logo\/image\/","url":"https:\/\/sinaptiko.com\/wp-content\/uploads\/ICONO-COLOR-500PX.svg","contentUrl":"https:\/\/sinaptiko.com\/wp-content\/uploads\/ICONO-COLOR-500PX.svg","width":426,"height":479,"caption":"SINAPTIKO"},"image":{"@id":"https:\/\/darkcyan-mouse-827078.hostingersite.com\/#\/schema\/logo\/image\/"}}]}},"_links":{"self":[{"href":"https:\/\/sinaptiko.com\/en\/wp-json\/wp\/v2\/pages\/4620","targetHints":{"allow":["GET"]}}],"collection":[{"href":"https:\/\/sinaptiko.com\/en\/wp-json\/wp\/v2\/pages"}],"about":[{"href":"https:\/\/sinaptiko.com\/en\/wp-json\/wp\/v2\/types\/page"}],"author":[{"embeddable":true,"href":"https:\/\/sinaptiko.com\/en\/wp-json\/wp\/v2\/users\/1"}],"replies":[{"embeddable":true,"href":"https:\/\/sinaptiko.com\/en\/wp-json\/wp\/v2\/comments?post=4620"}],"version-history":[{"count":7,"href":"https:\/\/sinaptiko.com\/en\/wp-json\/wp\/v2\/pages\/4620\/revisions"}],"predecessor-version":[{"id":4628,"href":"https:\/\/sinaptiko.com\/en\/wp-json\/wp\/v2\/pages\/4620\/revisions\/4628"}],"wp:attachment":[{"href":"https:\/\/sinaptiko.com\/en\/wp-json\/wp\/v2\/media?parent=4620"}],"curies":[{"name":"wp","href":"https:\/\/api.w.org\/{rel}","templated":true}]}}